{"id":101,"date":"2020-10-04T16:54:01","date_gmt":"2020-10-04T14:54:01","guid":{"rendered":"https:\/\/owliz.fr\/?page_id=101"},"modified":"2024-07-13T12:55:48","modified_gmt":"2024-07-13T10:55:48","slug":"recherche-secretaire-independante","status":"publish","type":"page","link":"https:\/\/owliz.fr\/index.php\/recherche-secretaire-independante\/","title":{"rendered":"Votre assistante de gestion\/secr\u00e9taire freelance"},"content":{"rendered":"\t\t<div data-elementor-type=\"wp-page\" data-elementor-id=\"101\" class=\"elementor elementor-101\">\n\t\t\t\t\t\t<div class=\"elementor-inner\">\n\t\t\t\t<div class=\"elementor-section-wrap\">\n\t\t\t\t\t\t\t\t\t<section class=\"elementor-section elementor-top-section elementor-element elementor-element-5cd1500b elementor-section-boxed elementor-section-height-default elementor-section-height-default\" data-id=\"5cd1500b\" data-element_type=\"section\">\n\t\t\t\t\t\t<div class=\"elementor-container elementor-column-gap-default\">\n\t\t\t\t\t\t\t<div class=\"elementor-row\">\n\t\t\t\t\t<div class=\"elementor-column elementor-col-100 elementor-top-column elementor-element elementor-element-69e6ca94\" data-id=\"69e6ca94\" data-element_type=\"column\">\n\t\t\t<div class=\"elementor-column-wrap elementor-element-populated\">\n\t\t\t\t\t\t\t<div class=\"elementor-widget-wrap\">\n\t\t\t\t\t\t<div class=\"elementor-element elementor-element-dd81f07 elementor-view-default elementor-widget elementor-widget-icon\" data-id=\"dd81f07\" data-element_type=\"widget\" data-widget_type=\"icon.default\">\n\t\t\t\t<div class=\"elementor-widget-container\">\n\t\t\t\t\t<div class=\"elementor-icon-wrapper\">\n\t\t\t<div class=\"elementor-icon\">\n\t\t\t<i aria-hidden=\"true\" class=\"fas fa-star\"><\/i>\t\t\t<\/div>\n\t\t<\/div>\n\t\t\t\t<\/div>\n\t\t\t\t<\/div>\n\t\t\t\t<div class=\"elementor-element elementor-element-4b6afc29 elementor-widget elementor-widget-text-editor\" data-id=\"4b6afc29\" data-element_type=\"widget\" data-widget_type=\"text-editor.default\">\n\t\t\t\t<div class=\"elementor-widget-container\">\n\t\t\t\t\t\t\t\t<div class=\"elementor-text-editor elementor-clearfix\">\n\t\t\t\t<p><!-- wp:columns --><\/p>\n<div class=\"wp-block-columns\">\n<p><!-- wp:column {\"width\":\"100%\"} --><\/p>\n<div class=\"wp-block-column\" style=\"flex-basis: 100%;\">\n<p><!-- wp:group {\"align\":\"wide\"} --><\/p>\n<div class=\"wp-block-group alignwide\">\n<div class=\"wp-block-group__inner-container\">\n<p><!-- wp:image {\"align\":\"center\",\"id\":339,\"width\":257,\"height\":257,\"sizeSlug\":\"large\",\"linkDestination\":\"none\",\"className\":\"is-style-rounded\"} --><\/p>\n<div class=\"wp-block-image is-style-rounded\">\n<figure class=\"aligncenter size-large is-resized\"><img loading=\"lazy\" class=\"wp-image-339\" src=\"https:\/\/owliz.fr\/wp-content\/uploads\/2021\/01\/fatiha-1.jpg\" alt=\"\" width=\"257\" height=\"257\" srcset=\"https:\/\/owliz.fr\/wp-content\/uploads\/2021\/01\/fatiha-1.jpg 500w, https:\/\/owliz.fr\/wp-content\/uploads\/2021\/01\/fatiha-1-300x300.jpg 300w, https:\/\/owliz.fr\/wp-content\/uploads\/2021\/01\/fatiha-1-150x150.jpg 150w\" sizes=\"(max-width: 257px) 100vw, 257px\" \/>\n<p>\u00a0<\/p>\n<figcaption><strong><em>Voil\u00e0 \u00e0 quoi ressemble votre assistante <\/em><\/strong>!<\/figcaption>\n<\/figure>\n<\/div>\n<p><!-- \/wp:image --><\/p>\n<p><!-- wp:paragraph --><\/p>\n<p>Bonjour,<\/p>\n<p><!-- \/wp:paragraph --><\/p>\n<p><!-- wp:paragraph --><\/p>\n<p>Je suis Fatiha, <b>assistante freelance<\/b>\u00a0depuis 2016.<\/p>\n<p><!-- \/wp:paragraph --><\/p>\n<p><!-- wp:paragraph --><\/p>\n<p>Apr\u00e8s un baccalaur\u00e9at comptabilit\u00e9 gestion, j\u2019ai collabor\u00e9 durant pr\u00e8s de 10 ans en tant que <strong>secr\u00e9taire juridique<\/strong> au sein de cabinets d\u2019Avocats.<\/p>\n<p><!-- \/wp:paragraph --><\/p>\n<p><!-- wp:paragraph --><\/p>\n<p>Cependant, rattrap\u00e9e par un fort besoin d\u2019ind\u00e9pendance et frustr\u00e9e de ne pas pouvoir aider autant que je le voulais, j\u2019ai d\u00e9cid\u00e9 de pratiquer mon m\u00e9tier diff\u00e9remment.<\/p>\n<p><!-- \/wp:paragraph --><\/p>\n<p><!-- wp:paragraph --><\/p>\n<p><span style=\"font-size: 15px; color: var( --e-global-color-text ); font-family: var( --e-global-typography-text-font-family ), Sans-serif;\">Depuis plus de 8 ans maintenant, j<\/span><span style=\"font-size: 15px; color: var( --e-global-color-text ); font-family: var( --e-global-typography-text-font-family ), Sans-serif;\">&#8216;assiste quotidiennement des entrepreneurs de tous horizons\u00a0: artisan couvreur, g\u00e9om\u00e8tre, agence de communication, chauffeur VTC, exploitant agricole, consultant, coiffeur etc&#8230; et leur offre un accompagnement \u00e0 la carte en <\/span><strong style=\"font-size: 15px; color: var( --e-global-color-text ); font-family: var( --e-global-typography-text-font-family ), Sans-serif;\">gestion administrative et<\/strong><span style=\"font-size: 15px; color: var( --e-global-color-text ); font-family: var( --e-global-typography-text-font-family ), Sans-serif;\">\u00a0<\/span><strong style=\"font-size: 15px; color: var( --e-global-color-text ); font-family: var( --e-global-typography-text-font-family ), Sans-serif;\">commerciale<\/strong><span style=\"font-size: 15px; color: var( --e-global-color-text ); font-family: var( --e-global-typography-text-font-family ), Sans-serif;\">, <\/span><strong style=\"font-size: 15px; color: var( --e-global-color-text ); font-family: var( --e-global-typography-text-font-family ), Sans-serif;\">pr\u00e9-comptabilit\u00e9, paie et RH et formalit\u00e9s juridiques<\/strong><span style=\"font-size: 15px; color: var( --e-global-color-text ); font-family: var( --e-global-typography-text-font-family ), Sans-serif;\">.\u00a0<\/span><\/p>\n<p><!-- \/wp:paragraph --><\/p>\n<p><!-- wp:paragraph --><\/p>\n<p><strong style=\"font-size: 15px; color: var( --e-global-color-text ); font-family: var( --e-global-typography-text-font-family ), Sans-serif;\">Assistante<\/strong><span style=\"font-size: 15px; color: var( --e-global-color-text ); font-family: var( --e-global-typography-text-font-family ), Sans-serif;\"> passionn\u00e9e par mon m\u00e9tier, j\u2019ai \u00e0 c\u0153ur de vous apporter un accompagnement de proximit\u00e9, efficace et professionnel qui vous permettra de gagner en s\u00e9r\u00e9nit\u00e9 et en croissance.<\/span><\/p>\n<p>Vous \u00eates un entrepreneur d\u00e9bord\u00e9 et votre entreprise conna\u00eet des difficult\u00e9s ? Vous \u00eates un c<span style=\"color: var( --e-global-color-text ); font-family: var( --e-global-typography-text-font-family ), Sans-serif; font-size: 15px;\">r\u00e9ateur de projet ? Je vous apporte mon expertise dans le cadre de la gestion ou la cr\u00e9ation de votre entreprise.<\/span><\/p>\n<p><!-- \/wp:paragraph --><\/p>\n<p><!-- wp:paragraph --><\/p>\n<p><span style=\"font-size: 15px; color: var( --e-global-color-text ); font-family: var( --e-global-typography-text-font-family ), Sans-serif;\">Vous avez un projet\u00a0ou avez simplement besoin d\u2019une information, d\u2019un conseil\u00a0? N&#8217;h\u00e9sitez pas \u00e0 compl\u00e9ter le formulaire de contact\u00a0!<\/span><\/p>\n<\/div>\n<\/div>\n<\/div>\n<\/div>\n<p><!-- \/wp:media-text --><\/p>\t\t\t\t\t<\/div>\n\t\t\t\t\t\t<\/div>\n\t\t\t\t<\/div>\n\t\t\t\t<div class=\"elementor-element elementor-element-a1395ff elementor-align-center elementor-widget elementor-widget-button\" data-id=\"a1395ff\" data-element_type=\"widget\" data-widget_type=\"button.default\">\n\t\t\t\t<div class=\"elementor-widget-container\">\n\t\t\t\t\t<div class=\"elementor-button-wrapper\">\n\t\t\t<a href=\"\" class=\"elementor-button-link elementor-button elementor-size-xl\" role=\"button\">\n\t\t\t\t\t\t<span class=\"elementor-button-content-wrapper\">\n\t\t\t\t\t\t<span class=\"elementor-button-text\">formulaire de contact<\/span>\n\t\t<\/span>\n\t\t\t\t\t<\/a>\n\t\t<\/div>\n\t\t\t\t<\/div>\n\t\t\t\t<\/div>\n\t\t\t\t\t\t<\/div>\n\t\t\t\t\t<\/div>\n\t\t<\/div>\n\t\t\t\t\t\t\t\t<\/div>\n\t\t\t\t\t<\/div>\n\t\t<\/section>\n\t\t\t\t\t\t\t\t\t<\/div>\n\t\t\t<\/div>\n\t\t\t\t\t<\/div>\n\t\t","protected":false},"excerpt":{"rendered":"","protected":false},"author":1,"featured_media":0,"parent":0,"menu_order":0,"comment_status":"closed","ping_status":"closed","template":"","meta":{"_monsterinsights_skip_tracking":false,"_monsterinsights_sitenote_active":false,"_monsterinsights_sitenote_note":"","_monsterinsights_sitenote_category":0,"site-sidebar-layout":"default","site-content-layout":"default","ast-global-header-display":"","ast-main-header-display":"","ast-hfb-above-header-display":"","ast-hfb-below-header-display":"","ast-hfb-mobile-header-display":"","site-post-title":"","ast-breadcrumbs-content":"","ast-featured-img":"","footer-sml-layout":"","theme-transparent-header-meta":"default","adv-header-id-meta":"","stick-header-meta":"","header-above-stick-meta":"","header-main-stick-meta":"","header-below-stick-meta":""},"yoast_head":"<!-- This site is optimized with the Yoast SEO plugin v18.4.1 - https:\/\/yoast.com\/wordpress\/plugins\/seo\/ -->\n<title>Votre assistante de gestion\/secr\u00e9taire freelance - Owliz<\/title>\n<meta name=\"description\" content=\"Vous \u00eates dirigeant d&#039;entreprise et avez besoin d&#039;\u00eatre second\u00e9 efficacement dans la gestion de votre entreprise ? Faites appel \u00e0 une experte\" \/>\n<meta name=\"robots\" content=\"index, follow, max-snippet:-1, max-image-preview:large, max-video-preview:-1\" \/>\n<link rel=\"canonical\" href=\"https:\/\/owliz.fr\/index.php\/recherche-secretaire-independante\/\" \/>\n<meta property=\"og:locale\" content=\"en_US\" \/>\n<meta property=\"og:type\" content=\"article\" \/>\n<meta property=\"og:title\" content=\"Votre assistante de gestion\/secr\u00e9taire freelance - Owliz\" \/>\n<meta property=\"og:description\" content=\"Vous \u00eates dirigeant d&#039;entreprise et avez besoin d&#039;\u00eatre second\u00e9 efficacement dans la gestion de votre entreprise ? Faites appel \u00e0 une experte\" \/>\n<meta property=\"og:url\" content=\"https:\/\/owliz.fr\/index.php\/recherche-secretaire-independante\/\" \/>\n<meta property=\"og:site_name\" content=\"Owliz\" \/>\n<meta property=\"article:modified_time\" content=\"2024-07-13T10:55:48+00:00\" \/>\n<meta property=\"og:image\" content=\"https:\/\/owliz.fr\/wp-content\/uploads\/2021\/01\/fatiha-1.jpg\" \/>\n<meta name=\"twitter:card\" content=\"summary_large_image\" \/>\n<meta name=\"twitter:label1\" content=\"Est. reading time\" \/>\n\t<meta name=\"twitter:data1\" content=\"5 minutes\" \/>\n<script type=\"application\/ld+json\" class=\"yoast-schema-graph\">{\"@context\":\"https:\/\/schema.org\",\"@graph\":[{\"@type\":\"WebSite\",\"@id\":\"https:\/\/owliz.fr\/#website\",\"url\":\"https:\/\/owliz.fr\/\",\"name\":\"Owliz\",\"description\":\"secr\u00e9tariat externalis\u00e9 en Eure et Loir\",\"potentialAction\":[{\"@type\":\"SearchAction\",\"target\":{\"@type\":\"EntryPoint\",\"urlTemplate\":\"https:\/\/owliz.fr\/?s={search_term_string}\"},\"query-input\":\"required name=search_term_string\"}],\"inLanguage\":\"en-US\"},{\"@type\":\"ImageObject\",\"@id\":\"https:\/\/owliz.fr\/index.php\/recherche-secretaire-independante\/#primaryimage\",\"inLanguage\":\"en-US\",\"url\":\"https:\/\/owliz.fr\/wp-content\/uploads\/2021\/01\/fatiha-1.jpg\",\"contentUrl\":\"https:\/\/owliz.fr\/wp-content\/uploads\/2021\/01\/fatiha-1.jpg\"},{\"@type\":[\"WebPage\",\"AboutPage\"],\"@id\":\"https:\/\/owliz.fr\/index.php\/recherche-secretaire-independante\/#webpage\",\"url\":\"https:\/\/owliz.fr\/index.php\/recherche-secretaire-independante\/\",\"name\":\"Votre assistante de gestion\/secr\u00e9taire freelance - Owliz\",\"isPartOf\":{\"@id\":\"https:\/\/owliz.fr\/#website\"},\"primaryImageOfPage\":{\"@id\":\"https:\/\/owliz.fr\/index.php\/recherche-secretaire-independante\/#primaryimage\"},\"datePublished\":\"2020-10-04T14:54:01+00:00\",\"dateModified\":\"2024-07-13T10:55:48+00:00\",\"description\":\"Vous \u00eates dirigeant d'entreprise et avez besoin d'\u00eatre second\u00e9 efficacement dans la gestion de votre entreprise ? Faites appel \u00e0 une experte\",\"breadcrumb\":{\"@id\":\"https:\/\/owliz.fr\/index.php\/recherche-secretaire-independante\/#breadcrumb\"},\"inLanguage\":\"en-US\",\"potentialAction\":[{\"@type\":\"ReadAction\",\"target\":[\"https:\/\/owliz.fr\/index.php\/recherche-secretaire-independante\/\"]}]},{\"@type\":\"BreadcrumbList\",\"@id\":\"https:\/\/owliz.fr\/index.php\/recherche-secretaire-independante\/#breadcrumb\",\"itemListElement\":[{\"@type\":\"ListItem\",\"position\":1,\"name\":\"Accueil\",\"item\":\"https:\/\/owliz.fr\/\"},{\"@type\":\"ListItem\",\"position\":2,\"name\":\"Votre assistante de gestion\/secr\u00e9taire freelance\"}]}]}<\/script>\n<!-- \/ Yoast SEO plugin. -->","yoast_head_json":{"title":"Votre assistante de gestion\/secr\u00e9taire freelance - Owliz","description":"Vous \u00eates dirigeant d'entreprise et avez besoin d'\u00eatre second\u00e9 efficacement dans la gestion de votre entreprise ? Faites appel \u00e0 une experte","robots":{"index":"index","follow":"follow","max-snippet":"max-snippet:-1","max-image-preview":"max-image-preview:large","max-video-preview":"max-video-preview:-1"},"canonical":"https:\/\/owliz.fr\/index.php\/recherche-secretaire-independante\/","og_locale":"en_US","og_type":"article","og_title":"Votre assistante de gestion\/secr\u00e9taire freelance - Owliz","og_description":"Vous \u00eates dirigeant d'entreprise et avez besoin d'\u00eatre second\u00e9 efficacement dans la gestion de votre entreprise ? Faites appel \u00e0 une experte","og_url":"https:\/\/owliz.fr\/index.php\/recherche-secretaire-independante\/","og_site_name":"Owliz","article_modified_time":"2024-07-13T10:55:48+00:00","og_image":[{"url":"https:\/\/owliz.fr\/wp-content\/uploads\/2021\/01\/fatiha-1.jpg"}],"twitter_card":"summary_large_image","twitter_misc":{"Est. reading time":"5 minutes"},"schema":{"@context":"https:\/\/schema.org","@graph":[{"@type":"WebSite","@id":"https:\/\/owliz.fr\/#website","url":"https:\/\/owliz.fr\/","name":"Owliz","description":"secr\u00e9tariat externalis\u00e9 en Eure et Loir","potentialAction":[{"@type":"SearchAction","target":{"@type":"EntryPoint","urlTemplate":"https:\/\/owliz.fr\/?s={search_term_string}"},"query-input":"required name=search_term_string"}],"inLanguage":"en-US"},{"@type":"ImageObject","@id":"https:\/\/owliz.fr\/index.php\/recherche-secretaire-independante\/#primaryimage","inLanguage":"en-US","url":"https:\/\/owliz.fr\/wp-content\/uploads\/2021\/01\/fatiha-1.jpg","contentUrl":"https:\/\/owliz.fr\/wp-content\/uploads\/2021\/01\/fatiha-1.jpg"},{"@type":["WebPage","AboutPage"],"@id":"https:\/\/owliz.fr\/index.php\/recherche-secretaire-independante\/#webpage","url":"https:\/\/owliz.fr\/index.php\/recherche-secretaire-independante\/","name":"Votre assistante de gestion\/secr\u00e9taire freelance - Owliz","isPartOf":{"@id":"https:\/\/owliz.fr\/#website"},"primaryImageOfPage":{"@id":"https:\/\/owliz.fr\/index.php\/recherche-secretaire-independante\/#primaryimage"},"datePublished":"2020-10-04T14:54:01+00:00","dateModified":"2024-07-13T10:55:48+00:00","description":"Vous \u00eates dirigeant d'entreprise et avez besoin d'\u00eatre second\u00e9 efficacement dans la gestion de votre entreprise ? Faites appel \u00e0 une experte","breadcrumb":{"@id":"https:\/\/owliz.fr\/index.php\/recherche-secretaire-independante\/#breadcrumb"},"inLanguage":"en-US","potentialAction":[{"@type":"ReadAction","target":["https:\/\/owliz.fr\/index.php\/recherche-secretaire-independante\/"]}]},{"@type":"BreadcrumbList","@id":"https:\/\/owliz.fr\/index.php\/recherche-secretaire-independante\/#breadcrumb","itemListElement":[{"@type":"ListItem","position":1,"name":"Accueil","item":"https:\/\/owliz.fr\/"},{"@type":"ListItem","position":2,"name":"Votre assistante de gestion\/secr\u00e9taire freelance"}]}]}},"_links":{"self":[{"href":"https:\/\/owliz.fr\/index.php\/wp-json\/wp\/v2\/pages\/101"}],"collection":[{"href":"https:\/\/owliz.fr\/index.php\/wp-json\/wp\/v2\/pages"}],"about":[{"href":"https:\/\/owliz.fr\/index.php\/wp-json\/wp\/v2\/types\/page"}],"author":[{"embeddable":true,"href":"https:\/\/owliz.fr\/index.php\/wp-json\/wp\/v2\/users\/1"}],"replies":[{"embeddable":true,"href":"https:\/\/owliz.fr\/index.php\/wp-json\/wp\/v2\/comments?post=101"}],"version-history":[{"count":54,"href":"https:\/\/owliz.fr\/index.php\/wp-json\/wp\/v2\/pages\/101\/revisions"}],"predecessor-version":[{"id":570,"href":"https:\/\/owliz.fr\/index.php\/wp-json\/wp\/v2\/pages\/101\/revisions\/570"}],"wp:attachment":[{"href":"https:\/\/owliz.fr\/index.php\/wp-json\/wp\/v2\/media?parent=101"}],"curies":[{"name":"wp","href":"https:\/\/api.w.org\/{rel}","templated":true}]}}